{"id":14,"date":"2019-02-20T10:38:34","date_gmt":"2019-02-20T10:38:34","guid":{"rendered":"https:\/\/ergotherapie-riemenschneider.de\/?page_id=14"},"modified":"2026-03-20T06:46:57","modified_gmt":"2026-03-20T05:46:57","slug":"team","status":"publish","type":"page","link":"https:\/\/ergotherapie-riemenschneider.de\/?page_id=14","title":{"rendered":"Team"},"content":{"rendered":"\n<p class=\"has-text-align-center has-text-color has-medium-font-size\" style=\"color:#da4452\"><strong>Ihr Praxisteam<\/strong><\/p>\n\n\n\n<div class=\"wp-block-columns has-3-columns is-layout-flex wp-container-core-columns-is-layout-9d6595d7 wp-block-columns-is-layout-flex\">\n<div class=\"wp-block-column is-layout-flow wp-block-column-is-layout-flow\"><div class=\"wp-block-image is-style-default\">\n<figure class=\"aligncenter size-full\"><img loading=\"lazy\" decoding=\"async\" width=\"231\" height=\"332\" src=\"https:\/\/ergotherapie-riemenschneider.de\/wp-content\/uploads\/team0.jpg\" alt=\"\" class=\"wp-image-681\" srcset=\"https:\/\/ergotherapie-riemenschneider.de\/wp-content\/uploads\/team0.jpg 231w, https:\/\/ergotherapie-riemenschneider.de\/wp-content\/uploads\/team0-209x300.jpg 209w\" sizes=\"auto, (max-width: 231px) 100vw, 231px\" \/><\/figure>\n<\/div>\n\n\n<p class=\"has-text-align-center\"><strong>Yvonne Riemenschneider<br>Ergotherapeutin (2003)<\/strong> <\/p>\n\n\n\n<p class=\"has-text-color\" style=\"color:#da4452\">Weitere Ausbildungen: <\/p>\n\n\n\n<p class=\"has-small-font-size\">Ayurveda Practitioner (2019)<br>Ern\u00e4hrungscoach (2016)<br>Entspannungsp\u00e4dagogin (2014)<br>Tera-Mai-Reiki-Lehrerin (2008)<br>AmaDeus-Healing (2007)<br><\/p>\n\n\n\n<p class=\"has-text-color\" style=\"color:#da4452\">Weitere Fortbildungen: <\/p>\n\n\n\n<p class=\"has-small-font-size\">Babymassage <br>Yoga f\u00fcr Kinder<br>Fit durch Food &#8211; Kinder <br>Sensorische Integrationstherapie<br>Fein- und Grafomotorik (Kinder)<br>Lese- und Rechtschreibschwierigkeiten (LRS)<br>Kinderschutz in der Medizin\/ Grundkurs<br>&#8211; &#8222;Modul 1&nbsp; &#8211;&nbsp; Theoretische Grundlagen&#8220;<br>Hochbegabte Kinder<\/p>\n\n\n\n<hr class=\"wp-block-separator has-css-opacity\"\/>\n\n\n\n<p class=\"has-small-font-size\">Entspannungstherapie<br>Qi Gong in der Therapie<br>Qi Gong Aufbaukurs<br>Kursleiterin f\u00fcr Autogenes Training<br>Kursleiterin f\u00fcr Progressive Muskelrelaxation nach Jacobson<br>Energier\u00e4uber &#8211; Abgrenzung und Umgang<br>Kinesiologische Testverfahren<br>Fu\u00dfreflexzonentherapie <br>Feldenkrais-Methode <br>Klangmassage<br>Gua Sha Fa<br>Gua Sha Fa &#8211; Aufbaukurs<\/p>\n\n\n\n<hr class=\"wp-block-separator has-css-opacity\"\/>\n\n\n\n<p class=\"has-small-font-size\">Ergotherapie bei MS\/ALS <br>Spiegeltherapie und Mentales Training<br>Skribben \/ Manuelle Gelenktherapie<br>Therapie nach Dorn-Breuss-Fleig<br>Behandlung von Morbus Parkinson<br>Golgipunkt Gelenksmobilisation<br>Narbenbehandlung <br>Schienengrundkurs <\/p>\n\n\n\n<p><\/p>\n<\/div>\n\n\n\n<div class=\"wp-block-column is-layout-flow wp-block-column-is-layout-flow\"><div class=\"wp-block-image is-style-default\">\n<figure class=\"aligncenter size-full\"><img loading=\"lazy\" decoding=\"async\" width=\"231\" height=\"332\" src=\"https:\/\/ergotherapie-riemenschneider.de\/wp-content\/uploads\/team10-2.jpg\" alt=\"\" class=\"wp-image-682\" srcset=\"https:\/\/ergotherapie-riemenschneider.de\/wp-content\/uploads\/team10-2.jpg 231w, https:\/\/ergotherapie-riemenschneider.de\/wp-content\/uploads\/team10-2-209x300.jpg 209w\" sizes=\"auto, (max-width: 231px) 100vw, 231px\" \/><\/figure>\n<\/div>\n\n\n<p class=\"has-text-align-center\"><strong>Sandrien Beckmann<br>Ergotherapeutin (2015)\ufeff<\/strong><\/p>\n\n\n\n<p class=\"has-text-color\" style=\"color:#da4452\">Weitere Ausbildungen: <\/p>\n\n\n\n<p class=\"has-small-font-size\">Handtherapeutin (2021)<br><\/p>\n\n\n\n<p class=\"has-text-color\" style=\"color:#da4452\">Weitere Fortbildungen:<\/p>\n\n\n\n<p class=\"has-small-font-size\">Spiegeltherapie und Mentales Training<br>Skribben\/ Manuelle Gelenktherapie<br>Manuelle Therapie in der Ergotherapie: <br>Teil 1: Hand <br>Teil 2: Ellenbogengelenk<br>Teil 3: Schulter <br>Handrehabilitation <br>Handrehabilitation\/ Aufbaukurs<br>Narbenbehandlung <br>Schienenbau<br>Gua Sha Fa<br>Gua Sha Fa &#8211; Aufbaukurs<br>\u00dcbungen in der Neurologie<br><br>Lese- und Rechtschreibschwierigkeiten (LRS)<br>Emotionen erkennen und Kinder st\u00e4rken <br><br>Energier\u00e4uber &#8211; Abgrenzung und Umgang<br>Tera-Mai-Reiki I<br>Babymassage<\/p>\n<\/div>\n\n\n\n<div class=\"wp-block-column is-layout-flow wp-block-column-is-layout-flow\"><div class=\"wp-block-image is-style-default\">\n<figure class=\"aligncenter size-full\"><img loading=\"lazy\" decoding=\"async\" width=\"231\" height=\"333\" src=\"https:\/\/ergotherapie-riemenschneider.de\/wp-content\/uploads\/team11.jpg\" alt=\"\" class=\"wp-image-683\" srcset=\"https:\/\/ergotherapie-riemenschneider.de\/wp-content\/uploads\/team11.jpg 231w, https:\/\/ergotherapie-riemenschneider.de\/wp-content\/uploads\/team11-208x300.jpg 208w\" sizes=\"auto, (max-width: 231px) 100vw, 231px\" \/><\/figure>\n<\/div>\n\n\n<p class=\"has-text-align-center\"><strong>Stavrulla Simoni<\/strong><br><strong>Ergotherapeutin (2023)<\/strong><br><strong>(In Elternzeit)<\/strong><\/p>\n\n\n\n<p class=\"has-text-color\" style=\"color:#da4452\">Weitere Fortbildungen:<\/p>\n\n\n\n<p class=\"has-small-font-size\">Emotionen erkennen und Kinder st\u00e4rken<br>Autismus-Spektrum-St\u00f6rung<\/p>\n\n\n\n<p class=\"has-small-font-size\"><\/p>\n\n\n\n<p class=\"has-text-align-center\"> <strong><br><\/strong><\/p>\n<\/div>\n\n\n\n<div class=\"wp-block-column is-layout-flow wp-block-column-is-layout-flow\"><div class=\"wp-block-image is-style-default\">\n<figure class=\"aligncenter size-full\"><img loading=\"lazy\" decoding=\"async\" width=\"231\" height=\"332\" src=\"https:\/\/ergotherapie-riemenschneider.de\/wp-content\/uploads\/team9-1.jpg\" alt=\"\" class=\"wp-image-685\" srcset=\"https:\/\/ergotherapie-riemenschneider.de\/wp-content\/uploads\/team9-1.jpg 231w, https:\/\/ergotherapie-riemenschneider.de\/wp-content\/uploads\/team9-1-209x300.jpg 209w\" sizes=\"auto, (max-width: 231px) 100vw, 231px\" \/><\/figure>\n<\/div>\n\n\n<p class=\"has-text-align-center\"><strong>Johannes <\/strong><strong>Becker<\/strong><br><strong>Ergotherapeut (2025)<\/strong><\/p>\n\n\n\n<p class=\"has-text-color\" style=\"color:#da4452\">Weitere Fortbildungen:<\/p>\n\n\n\n<p class=\"has-small-font-size\">Autismus-Spektrum-St\u00f6rung<\/p>\n\n\n\n<p class=\"has-text-color\" style=\"color:#da4452\"><\/p>\n\n\n\n<p class=\"has-small-font-size\"><\/p>\n\n\n\n<p class=\"has-small-font-size\"><\/p>\n\n\n\n<p class=\"has-text-align-center\"> <strong><br><\/strong><\/p>\n<\/div>\n<\/div>\n","protected":false},"excerpt":{"rendered":"<p>Ihr Praxisteam Yvonne RiemenschneiderErgotherapeutin (2003) Weitere Ausbildungen: Ayurveda Practitioner (2019)Ern\u00e4hrungscoach (2016)Entspannungsp\u00e4dagogin (2014)Tera-Mai-Reiki-Lehrerin (2008)AmaDeus-Healing (2007) Weitere Fortbildungen: Babymassage Yoga f\u00fcr KinderFit durch Food &#8211; Kinder Sensorische IntegrationstherapieFein- und Grafomotorik (Kinder)Lese- und Rechtschreibschwierigkeiten (LRS)Kinderschutz in der Medizin\/ Grundkurs&#8211; &#8222;Modul 1&nbsp; &#8211;&nbsp; Theoretische Grundlagen&#8220;Hochbegabte Kinder EntspannungstherapieQi Gong in der TherapieQi Gong AufbaukursKursleiterin f\u00fcr Autogenes TrainingKursleiterin f\u00fcr Progressive Muskelrelaxation [&hellip;]<\/p>\n","protected":false},"author":1,"featured_media":0,"parent":0,"menu_order":0,"comment_status":"closed","ping_status":"closed","template":"","meta":{"footnotes":""},"class_list":["post-14","page","type-page","status-publish","hentry"],"_links":{"self":[{"href":"https:\/\/ergotherapie-riemenschneider.de\/index.php?rest_route=\/wp\/v2\/pages\/14","targetHints":{"allow":["GET"]}}],"collection":[{"href":"https:\/\/ergotherapie-riemenschneider.de\/index.php?rest_route=\/wp\/v2\/pages"}],"about":[{"href":"https:\/\/ergotherapie-riemenschneider.de\/index.php?rest_route=\/wp\/v2\/types\/page"}],"author":[{"embeddable":true,"href":"https:\/\/ergotherapie-riemenschneider.de\/index.php?rest_route=\/wp\/v2\/users\/1"}],"replies":[{"embeddable":true,"href":"https:\/\/ergotherapie-riemenschneider.de\/index.php?rest_route=%2Fwp%2Fv2%2Fcomments&post=14"}],"version-history":[{"count":87,"href":"https:\/\/ergotherapie-riemenschneider.de\/index.php?rest_route=\/wp\/v2\/pages\/14\/revisions"}],"predecessor-version":[{"id":713,"href":"https:\/\/ergotherapie-riemenschneider.de\/index.php?rest_route=\/wp\/v2\/pages\/14\/revisions\/713"}],"wp:attachment":[{"href":"https:\/\/ergotherapie-riemenschneider.de\/index.php?rest_route=%2Fwp%2Fv2%2Fmedia&parent=14"}],"curies":[{"name":"wp","href":"https:\/\/api.w.org\/{rel}","templated":true}]}}