{"id":141,"date":"2019-02-21T15:57:22","date_gmt":"2019-02-21T15:57:22","guid":{"rendered":"https:\/\/ergotherapie-riemenschneider.de\/?page_id=141"},"modified":"2019-02-28T09:21:27","modified_gmt":"2019-02-28T09:21:27","slug":"start","status":"publish","type":"page","link":"https:\/\/ergotherapie-riemenschneider.de\/","title":{"rendered":"Start"},"content":{"rendered":"\n<h2 class=\"wp-block-heading\" style=\"text-align:center\"><strong>Herzlich Willkommen in meiner Praxis f\u00fcr Ergotherapie<\/strong><\/h2>\n\n\n\n<p style=\"text-align:center\"><strong>Ihmer Tor 1<\/strong><br><strong>30952 Ronnenberg<\/strong><\/p>\n\n\n\n<p style=\"text-align:center\"><strong>2. Obergeschoss&nbsp;<\/strong><br><strong>(Fahrstuhl&nbsp;vorhanden)<\/strong><\/p>\n\n\n\n<div class=\"wp-block-image\"><figure class=\"aligncenter is-resized\"><img loading=\"lazy\" decoding=\"async\" src=\"https:\/\/ergotherapie-riemenschneider.de\/wp-content\/uploads\/2019\/02\/2013-03-24-13-25-22-Rahmen-1024x682.jpg\" alt=\"\" class=\"wp-image-123\" width=\"430\" height=\"286\" srcset=\"https:\/\/ergotherapie-riemenschneider.de\/wp-content\/uploads\/2019\/02\/2013-03-24-13-25-22-Rahmen-1024x682.jpg 1024w, https:\/\/ergotherapie-riemenschneider.de\/wp-content\/uploads\/2019\/02\/2013-03-24-13-25-22-Rahmen-300x200.jpg 300w, https:\/\/ergotherapie-riemenschneider.de\/wp-content\/uploads\/2019\/02\/2013-03-24-13-25-22-Rahmen-768x512.jpg 768w, https:\/\/ergotherapie-riemenschneider.de\/wp-content\/uploads\/2019\/02\/2013-03-24-13-25-22-Rahmen.jpg 1800w\" sizes=\"auto, (max-width: 430px) 100vw, 430px\" \/><\/figure><\/div>\n\n\n\n<p style=\"text-align:center\">Auf den folgenden Seiten k\u00f6nnen Sie mehr \u00fcber das Thema Ergotherapie erfahren.<\/p>\n","protected":false},"excerpt":{"rendered":"<p>Herzlich Willkommen in meiner Praxis f\u00fcr Ergotherapie Ihmer Tor 130952 Ronnenberg 2. Obergeschoss&nbsp;(Fahrstuhl&nbsp;vorhanden) Auf den folgenden Seiten k\u00f6nnen Sie mehr \u00fcber das Thema Ergotherapie erfahren.<\/p>\n","protected":false},"author":1,"featured_media":0,"parent":0,"menu_order":0,"comment_status":"closed","ping_status":"closed","template":"","meta":{"footnotes":""},"class_list":["post-141","page","type-page","status-publish","hentry"],"_links":{"self":[{"href":"https:\/\/ergotherapie-riemenschneider.de\/index.php?rest_route=\/wp\/v2\/pages\/141","targetHints":{"allow":["GET"]}}],"collection":[{"href":"https:\/\/ergotherapie-riemenschneider.de\/index.php?rest_route=\/wp\/v2\/pages"}],"about":[{"href":"https:\/\/ergotherapie-riemenschneider.de\/index.php?rest_route=\/wp\/v2\/types\/page"}],"author":[{"embeddable":true,"href":"https:\/\/ergotherapie-riemenschneider.de\/index.php?rest_route=\/wp\/v2\/users\/1"}],"replies":[{"embeddable":true,"href":"https:\/\/ergotherapie-riemenschneider.de\/index.php?rest_route=%2Fwp%2Fv2%2Fcomments&post=141"}],"version-history":[{"count":7,"href":"https:\/\/ergotherapie-riemenschneider.de\/index.php?rest_route=\/wp\/v2\/pages\/141\/revisions"}],"predecessor-version":[{"id":333,"href":"https:\/\/ergotherapie-riemenschneider.de\/index.php?rest_route=\/wp\/v2\/pages\/141\/revisions\/333"}],"wp:attachment":[{"href":"https:\/\/ergotherapie-riemenschneider.de\/index.php?rest_route=%2Fwp%2Fv2%2Fmedia&parent=141"}],"curies":[{"name":"wp","href":"https:\/\/api.w.org\/{rel}","templated":true}]}}