{"id":17,"date":"2019-02-20T10:38:41","date_gmt":"2019-02-20T10:38:41","guid":{"rendered":"https:\/\/ergotherapie-riemenschneider.de\/?page_id=17"},"modified":"2024-04-26T07:09:34","modified_gmt":"2024-04-26T05:09:34","slug":"angebote-kurse","status":"publish","type":"page","link":"https:\/\/ergotherapie-riemenschneider.de\/?page_id=17","title":{"rendered":"Angebote"},"content":{"rendered":"\n<p class=\"has-text-align-center has-text-color has-medium-font-size\" style=\"color:#da4452\"><strong>Weitere Angebote<\/strong><\/p>\n\n\n\n<p>Neben der Ergotherapie bieten wir auch Entspannungsangebote in Einzelstunden an.<\/p>\n\n\n\n<figure class=\"wp-block-table is-style-stripes\"><table><tbody><tr><td>Reikibehandlung<\/td><td>60 Min &#8211; 70 \u20ac<\/td><\/tr><tr><td>Dorn Behandlung und Breuss Massage<\/td><td>60 Min &#8211; 70 \u20ac<\/td><\/tr><tr><td>Fu\u00dfreflexzonenbehandlung mit Erstgespr\u00e4ch<\/td><td>60 Min &#8211; 70 \u20ac  <\/td><\/tr><tr><td>Klangmassage mit Planetenklangschalen <\/td><td>60 Min &#8211; 70 \u20ac <\/td><\/tr><tr><td>Fu\u00dfreflexzonenbehandlung <\/td><td>45 Min &#8211; 45 \u20ac <\/td><\/tr><tr><td>Autogenes Training<\/td><td>45 Min &#8211; 45 \u20ac<\/td><\/tr><tr><td>PMR (Progressive Muskelentspannung)<\/td><td>45 Min &#8211; 45 \u20ac<\/td><\/tr><tr><td>Narbenbehandlung \/ -massage<\/td><td>30 Min &#8211; 35 \u20ac<\/td><\/tr><tr><td>Gua Sha Fa Massage<\/td><td>30 Min &#8211; 35 \u20ac<\/td><\/tr><tr><td>Breuss Massage<\/td><td>30 Min &#8211; 35 \u20ac<\/td><\/tr><\/tbody><\/table><\/figure>\n\n\n\n<p>Diese m\u00fcssen wir Ihnen jedoch privat in Rechnung stellen, da eine Abrechnung \u00fcber ein Rezept nicht m\u00f6glich ist.<br><\/p>\n\n\n\n<hr class=\"wp-block-separator has-css-opacity\"\/>\n\n\n\n<p><strong>Anmeldungen und weitere Informationen unter Telefon 05109 \/ 6890264<\/strong><\/p>\n","protected":false},"excerpt":{"rendered":"<p>Weitere Angebote Neben der Ergotherapie bieten wir auch Entspannungsangebote in Einzelstunden an. Reikibehandlung 60 Min &#8211; 70 \u20ac Dorn Behandlung und Breuss Massage 60 Min &#8211; 70 \u20ac Fu\u00dfreflexzonenbehandlung mit Erstgespr\u00e4ch 60 Min &#8211; 70 \u20ac Klangmassage mit Planetenklangschalen 60 Min &#8211; 70 \u20ac Fu\u00dfreflexzonenbehandlung 45 Min &#8211; 45 \u20ac Autogenes Training 45 Min &#8211; [&hellip;]<\/p>\n","protected":false},"author":1,"featured_media":0,"parent":0,"menu_order":0,"comment_status":"closed","ping_status":"closed","template":"","meta":{"footnotes":""},"class_list":["post-17","page","type-page","status-publish","hentry"],"_links":{"self":[{"href":"https:\/\/ergotherapie-riemenschneider.de\/index.php?rest_route=\/wp\/v2\/pages\/17","targetHints":{"allow":["GET"]}}],"collection":[{"href":"https:\/\/ergotherapie-riemenschneider.de\/index.php?rest_route=\/wp\/v2\/pages"}],"about":[{"href":"https:\/\/ergotherapie-riemenschneider.de\/index.php?rest_route=\/wp\/v2\/types\/page"}],"author":[{"embeddable":true,"href":"https:\/\/ergotherapie-riemenschneider.de\/index.php?rest_route=\/wp\/v2\/users\/1"}],"replies":[{"embeddable":true,"href":"https:\/\/ergotherapie-riemenschneider.de\/index.php?rest_route=%2Fwp%2Fv2%2Fcomments&post=17"}],"version-history":[{"count":15,"href":"https:\/\/ergotherapie-riemenschneider.de\/index.php?rest_route=\/wp\/v2\/pages\/17\/revisions"}],"predecessor-version":[{"id":663,"href":"https:\/\/ergotherapie-riemenschneider.de\/index.php?rest_route=\/wp\/v2\/pages\/17\/revisions\/663"}],"wp:attachment":[{"href":"https:\/\/ergotherapie-riemenschneider.de\/index.php?rest_route=%2Fwp%2Fv2%2Fmedia&parent=17"}],"curies":[{"name":"wp","href":"https:\/\/api.w.org\/{rel}","templated":true}]}}