{"id":18,"date":"2019-02-20T10:38:43","date_gmt":"2019-02-20T10:38:43","guid":{"rendered":"https:\/\/ergotherapie-riemenschneider.de\/?page_id=18"},"modified":"2023-03-15T18:32:22","modified_gmt":"2023-03-15T17:32:22","slug":"aktuelles","status":"publish","type":"page","link":"https:\/\/ergotherapie-riemenschneider.de\/?page_id=18","title":{"rendered":"Aktuelles"},"content":{"rendered":"\n<p class=\"has-text-align-center has-text-color has-medium-font-size\" style=\"color:#da4452\">~~~ <strong>Zehn Jahre ~~~<\/strong><\/p>\n\n\n\n<p>Heute vor genau 10 Jahren habe ich das erste Mal meine Praxist\u00fcr f\u00fcr Euch ge\u00f6ffnet. Ich kann es immer noch nicht glauben, dass es wirklich schon ein Jahrzehnt her ist. Ich m\u00f6chte mich heute f\u00fcr Eurer Vertrauen, Eure Geschichten und die gemeinsame Zeit bedanken. Wir haben zusammen gelacht und geweint. Jeder von Euch hat mich innerlich sehr bereichert, ob gro\u00df oder klein &#x1f64f;. <\/p>\n\n\n\n<p>Ich danke auch meinen M\u00e4dels in der Praxis, ohne euch h\u00e4tte ich es nie soweit geschafft. Es ist sch\u00f6n, dass es Euch gibt &#x2764;&#xfe0f;. <\/p>\n\n\n\n<p>Eure Yvonne<\/p>\n\n\n\n<p class=\"has-text-align-right has-small-font-size\"> aktualisiert am 15.03.2023<\/p>\n\n\n\n<hr class=\"wp-block-separator has-css-opacity is-style-wide\"\/>\n\n\n\n<p class=\"has-text-align-center has-text-color has-medium-font-size\" style=\"color:#da4452\">~~~ <strong>Neun Jahre ~~~<\/strong><\/p>\n\n\n\n<p>Vor genau neun Jahren habe ich meine Praxis am Ihmer Tor f\u00fcr Sie er\u00f6ffnet. Dies ist f\u00fcr mich und f\u00fcr mein Team ein gro\u00dfer Grund zu feiern. Wir m\u00f6chten auf diesem Weg allen Patienten, Kursteilnehmern, Freunden und Bekannten ein herzliches &#8222;Dankesch\u00f6n&#8220; sagen. <\/p>\n\n\n\n<p>Vielen Dank f\u00fcr Ihre Treue und Unterst\u00fctzung.<\/p>\n\n\n\n<p>Ihre Yvonne Riemenschneider<\/p>\n\n\n\n<p class=\"has-text-align-right has-small-font-size\"> aktualisiert am 15.03.2022  <\/p>\n\n\n\n<hr class=\"wp-block-separator has-css-opacity is-style-wide\"\/>\n\n\n\n<p class=\"has-text-align-center has-text-color has-medium-font-size\" style=\"color:#da4452\"><strong>Handtherapie<\/strong><\/p>\n\n\n\n<p>Ab Dezember 2021 bieten wir die Handtherapie an und k\u00f6nnen nun auch Patienten der Berufsgenossenschaften bei Arbeitsunf\u00e4llen behandeln.<\/p>\n\n\n\n<p>Bei Fragen, rufen Sie uns an.<\/p>\n\n\n\n<p class=\"has-text-align-right has-small-font-size\"> aktualisiert am 12.12.2021 <\/p>\n\n\n\n<hr class=\"wp-block-separator has-css-opacity is-style-wide\"\/>\n\n\n\n<p class=\"has-text-align-left\">Unsere Praxis bleibt weiterhin ge\u00f6ffnet. <br>Einschr\u00e4nkungen wird es evtl. bei der Betreuung unserer Hausbesuchspatienten geben. Dies wird individuell von uns in Absprache gekl\u00e4rt. Bitte gebt uns rechtzeitig Bescheid, wenn erste Zeichen von Fieber, Husten, etc. auftreten. So k\u00f6nnen wir unsere geschw\u00e4chten Patienten sch\u00fctzen. Weitere \u00c4nderungen geben wir rechtzeitig bekannt.<br><\/p>\n\n\n\n<p>Bleibt alle sch\u00f6n gesund. &#x1f340; <\/p>\n\n\n\n<p class=\"has-text-align-right has-small-font-size\"> aktualisiert am 15.03.2020 <\/p>\n\n\n\n<hr class=\"wp-block-separator has-css-opacity is-style-wide\"\/>\n\n\n\n<p class=\"has-text-align-center has-text-color has-medium-font-size\" style=\"color:#da4452\"><strong>Kinderyoga<\/strong><\/p>\n\n\n<div class=\"wp-block-image\">\n<figure class=\"aligncenter\"><img loading=\"lazy\" decoding=\"async\" width=\"500\" height=\"333\" src=\"https:\/\/ergotherapie-riemenschneider.de\/wp-content\/uploads\/2019\/02\/kinderyoga.jpg\" alt=\"\" class=\"wp-image-164\" srcset=\"https:\/\/ergotherapie-riemenschneider.de\/wp-content\/uploads\/2019\/02\/kinderyoga.jpg 500w, https:\/\/ergotherapie-riemenschneider.de\/wp-content\/uploads\/2019\/02\/kinderyoga-300x200.jpg 300w\" sizes=\"auto, (max-width: 500px) 100vw, 500px\" \/><\/figure>\n<\/div>\n\n\n<p class=\"has-text-align-center\"> Liebe Eltern,  <br>Ab dem 26.10.2018 findet freitags, ein Yogakurs f\u00fcr Kinder in unserer Praxis statt. Der Kurs ist f\u00fcr Kinder im Alter von 6 &#8211; 10 Jahren. <\/p>\n\n\n\n<p class=\"has-text-align-center\">Interessiert? Dann kontaktieren Sie uns.<\/p>\n\n\n\n<p class=\"has-text-align-right has-small-font-size\">aktualisiert am 29.09.2018<\/p>\n\n\n\n<hr class=\"wp-block-separator has-css-opacity is-style-wide\"\/>\n\n\n\n<p class=\"has-text-align-center has-text-color has-medium-font-size\" style=\"color:#da4452\"><strong>5 Jahre in Ronnenberg !!!<\/strong><\/p>\n\n\n<div class=\"wp-block-image\">\n<figure class=\"aligncenter\"><img loading=\"lazy\" decoding=\"async\" width=\"600\" height=\"299\" src=\"https:\/\/ergotherapie-riemenschneider.de\/wp-content\/uploads\/2019\/02\/5Jahre.jpg\" alt=\"\" class=\"wp-image-175\" srcset=\"https:\/\/ergotherapie-riemenschneider.de\/wp-content\/uploads\/2019\/02\/5Jahre.jpg 600w, https:\/\/ergotherapie-riemenschneider.de\/wp-content\/uploads\/2019\/02\/5Jahre-300x150.jpg 300w\" sizes=\"auto, (max-width: 600px) 100vw, 600px\" \/><\/figure>\n<\/div>\n\n\n<p class=\"has-text-align-center\">Liebe Patienten und Kursteilnehmer,<\/p>\n\n\n\n<p class=\"has-text-align-center\">wir danken Ihnen f\u00fcr Ihr entgegengebrachtes Vertrauen und Ihre Treue.<br>Es waren sehr sch\u00f6ne 5 Jahre.<br>Wir freuen uns auf die n\u00e4chsten F\u00dcNF.<\/p>\n\n\n\n<p class=\"has-text-align-center\">Ihr Praxisteam<\/p>\n\n\n\n<p class=\"has-text-align-right has-small-font-size\">aktualisiert am 16.03.2018<\/p>\n\n\n\n<hr class=\"wp-block-separator has-css-opacity is-style-wide\"\/>\n","protected":false},"excerpt":{"rendered":"<p>~~~ Zehn Jahre ~~~ Heute vor genau 10 Jahren habe ich das erste Mal meine Praxist\u00fcr f\u00fcr Euch ge\u00f6ffnet. Ich kann es immer noch nicht glauben, dass es wirklich schon ein Jahrzehnt her ist. Ich m\u00f6chte mich heute f\u00fcr Eurer Vertrauen, Eure Geschichten und die gemeinsame Zeit bedanken. Wir haben zusammen gelacht und geweint. Jeder [&hellip;]<\/p>\n","protected":false},"author":1,"featured_media":0,"parent":0,"menu_order":0,"comment_status":"closed","ping_status":"closed","template":"","meta":{"footnotes":""},"class_list":["post-18","page","type-page","status-publish","hentry"],"_links":{"self":[{"href":"https:\/\/ergotherapie-riemenschneider.de\/index.php?rest_route=\/wp\/v2\/pages\/18","targetHints":{"allow":["GET"]}}],"collection":[{"href":"https:\/\/ergotherapie-riemenschneider.de\/index.php?rest_route=\/wp\/v2\/pages"}],"about":[{"href":"https:\/\/ergotherapie-riemenschneider.de\/index.php?rest_route=\/wp\/v2\/types\/page"}],"author":[{"embeddable":true,"href":"https:\/\/ergotherapie-riemenschneider.de\/index.php?rest_route=\/wp\/v2\/users\/1"}],"replies":[{"embeddable":true,"href":"https:\/\/ergotherapie-riemenschneider.de\/index.php?rest_route=%2Fwp%2Fv2%2Fcomments&post=18"}],"version-history":[{"count":12,"href":"https:\/\/ergotherapie-riemenschneider.de\/index.php?rest_route=\/wp\/v2\/pages\/18\/revisions"}],"predecessor-version":[{"id":625,"href":"https:\/\/ergotherapie-riemenschneider.de\/index.php?rest_route=\/wp\/v2\/pages\/18\/revisions\/625"}],"wp:attachment":[{"href":"https:\/\/ergotherapie-riemenschneider.de\/index.php?rest_route=%2Fwp%2Fv2%2Fmedia&parent=18"}],"curies":[{"name":"wp","href":"https:\/\/api.w.org\/{rel}","templated":true}]}}