{"id":230,"date":"2019-02-27T14:52:33","date_gmt":"2019-02-27T14:52:33","guid":{"rendered":"https:\/\/ergotherapie-riemenschneider.de\/?page_id=230"},"modified":"2026-01-15T07:00:34","modified_gmt":"2026-01-15T06:00:34","slug":"kurse","status":"publish","type":"page","link":"https:\/\/ergotherapie-riemenschneider.de\/?page_id=230","title":{"rendered":"Kurse"},"content":{"rendered":"\n<p class=\"has-text-align-center has-text-color has-medium-font-size\" style=\"color:#da4452\"><strong>Kursangebote<\/strong><\/p>\n\n\n<div class=\"wp-block-image\">\n<figure class=\"aligncenter is-resized\"><img loading=\"lazy\" decoding=\"async\" width=\"914\" height=\"609\" src=\"https:\/\/ergotherapie-riemenschneider.de\/wp-content\/uploads\/2019\/02\/foto14.jpg\" alt=\"\" class=\"wp-image-238\" style=\"width:375px;height:249px\" srcset=\"https:\/\/ergotherapie-riemenschneider.de\/wp-content\/uploads\/2019\/02\/foto14.jpg 914w, https:\/\/ergotherapie-riemenschneider.de\/wp-content\/uploads\/2019\/02\/foto14-300x200.jpg 300w, https:\/\/ergotherapie-riemenschneider.de\/wp-content\/uploads\/2019\/02\/foto14-768x512.jpg 768w\" sizes=\"auto, (max-width: 914px) 100vw, 914px\" \/><\/figure>\n<\/div>\n\n<h4>Regelm\u00e4\u00dfige Kurstermine in der Praxis:\u00a0<\/h4>\n<p><strong><span style=\"color: #da4452;\">Montag, 10:00 Uhr\u00a0<\/span><\/strong><\/p>\n<p style=\"padding-left: 40px;\">Babymassage &#8211; 5 x 75 Min. &#8211; Start: auf Anfrage &#8211; 60\u00a0 EUR<\/p>\n<hr \/>\n<p><strong><span style=\"color: #da4452;\">Dienstag, 19:30 Uhr<br \/><\/span><\/strong><\/p>\n<p>\u00a0 \u00a0 \u00a0 \u00a0 \u00a0Autogenes Training &#8211; 8 x 75 Min. &#8211; Start: 07.04.2026 &#8211; 95 EUR ***<br \/>\u00a0 \u00a0 \u00a0 \u00a0 \u00a0(anerkannter Pr\u00e4ventionskurs)\u00a0<\/p>\n<hr \/>\n<p><span style=\"color: #da4452;\"><strong>Donnerstag, 19:30 Uhr<\/strong><\/span><\/p>\n<p style=\"padding-left: 40px;\">Progressive Muskelentspannung &#8211; 12 x 90 Min. &#8211; Start: 05.03.2026 &#8211; 165 EUR ***<br \/>(anerkannter Pr\u00e4ventionskurs)\u00a0<\/p>\n<hr \/>\n<p><strong><span style=\"color: #da4452;\">Freitag, 16:00 Uhr<\/span><\/strong><\/p>\n<p style=\"padding-left: 40px;\">Yoga f\u00fcr Kinder (6 \u2013 10 Jahre) &#8211; 6 x 60 Min. &#8211; Start: auf Anfrage &#8211; 60 EUR<\/p>\n<hr \/>\n<p>*** Diese Kurse k\u00f6nnen von den Krankenkassen als Pr\u00e4ventionsleistung bezuschusst werden. <br \/>Bitte fragen Sie Ihre Krankenkasse nach der H\u00f6he des Zuschusses.<\/p>\n\n\n<div style=\"height:30px\" aria-hidden=\"true\" class=\"wp-block-spacer\"><\/div>\n\n\n\n<p class=\"has-text-color has-medium-font-size\" style=\"color:#da4452\"><strong>Kursinhalte<\/strong><\/p>\n\n\n\n<p><strong>Autogenes Training:<\/strong>&nbsp;<br>Einf\u00fchrung in das Autogene Training mit Anleitungen f\u00fcr den h\u00e4uslichen Bereich.<\/p>\n\n\n\n<p>Das AT ist eine formelgebundene, konzentrative Selbstentspannung, bei der 6 aufeinander folgende \u00dcbungen einge\u00fcbt werden. Die K\u00f6rperwahrnehmung erm\u00f6glicht den Teilnehmern ein besseres K\u00f6rperbewusstsein. Durch diese Umschaltung wird innere Ruhe auf der k\u00f6rperlichen, geistigen und seelischen Ebene erreicht.&nbsp;<\/p>\n\n\n\n<hr class=\"wp-block-separator has-css-opacity\"\/>\n\n\n\n<p><strong>Progressive Muskelentspannung:<\/strong>&nbsp;<br>Einf\u00fchrung in die progressive Muskelentspannung nach Dr. Jacobsen mit Anleitungen f\u00fcr den h\u00e4uslichen Bereich.<\/p>\n\n\n\n<p>Die PMR ist eine fiktive Methode, um das k\u00f6rperliche und seelische Gleichgewicht wieder herzustellen. Durch Wechsel zwischen An- und Entspannung bestimmter Muskelgruppen lernt der Teilnehmer&nbsp; Stress abzubauen, neue Energie zu tanken und Verspannungen der Muskulatur zu l\u00f6sen.<\/p>\n\n\n\n<hr class=\"wp-block-separator has-css-opacity\"\/>\n\n\n\n<p><strong>Babymassage (ab 6 Wochen bis 6 Monate):<\/strong>&nbsp;<br>Einf\u00fchrung in die Babymassage. Vermittelt werden Techniken und Wirkungsweisen f\u00fcr den h\u00e4uslichen Bereich.<br><br>Die Babymassage ist ein sanftes, rhythmisches Streicheln Ihrer H\u00e4nde \u00fcber den K\u00f6rper Ihres Babys. In diesem Kurs lernen Sie wie F\u00fc\u00dfe, Beine, K\u00f6rper, H\u00e4nde und Gesicht massiert werden k\u00f6nnen. <br><br>Unsere Babymassage orientiert sich an der ayurvedische Lehre.<\/p>\n\n\n\n<hr class=\"wp-block-separator has-css-opacity\"\/>\n\n\n\n<p><strong>Yoga f\u00fcr Kinder (6-10 Jahre):<\/strong>&nbsp;<br>In diesem Kurs lernen Ihre Kinder sehr viel \u00fcber sich Selbst, \u00fcber Ihren K\u00f6rper und \u00fcber Interaktion.<\/p>\n\n\n\n<p>Es macht den Kindern Spa\u00df und Freude, durch Geschichten und Yoga\u00fcbungen zu lernen. Yoga st\u00e4rkt nicht nur den K\u00f6rper, sondern regt auch die Fantasie an, st\u00e4rkt das Selbstvertrauen und die Pers\u00f6nlichkeit. Zudem wird mit Yoga die K\u00f6rper- und Sinneswahrnehmung verbessert.&nbsp;<\/p>\n\n\n\n<hr class=\"wp-block-separator has-css-opacity\"\/>\n\n\n\n<p><strong>Anmeldungen und weitere Informationen unter Telefon 05109 \/ 6890264<\/strong><\/p>\n","protected":false},"excerpt":{"rendered":"<p>Kursangebote Regelm\u00e4\u00dfige Kurstermine in der Praxis:\u00a0 Montag, 10:00 Uhr\u00a0 Babymassage &#8211; 5 x 75 Min. &#8211; Start: auf Anfrage &#8211; 60\u00a0 EUR Dienstag, 19:30 Uhr \u00a0 \u00a0 \u00a0 \u00a0 \u00a0Autogenes Training &#8211; 8 x 75 Min. &#8211; Start: 07.04.2026 &#8211; 95 EUR ***\u00a0 \u00a0 \u00a0 \u00a0 \u00a0(anerkannter Pr\u00e4ventionskurs)\u00a0 Donnerstag, 19:30 Uhr Progressive Muskelentspannung &#8211; 12 [&hellip;]<\/p>\n","protected":false},"author":1,"featured_media":0,"parent":0,"menu_order":0,"comment_status":"closed","ping_status":"closed","template":"","meta":{"footnotes":""},"class_list":["post-230","page","type-page","status-publish","hentry"],"_links":{"self":[{"href":"https:\/\/ergotherapie-riemenschneider.de\/index.php?rest_route=\/wp\/v2\/pages\/230","targetHints":{"allow":["GET"]}}],"collection":[{"href":"https:\/\/ergotherapie-riemenschneider.de\/index.php?rest_route=\/wp\/v2\/pages"}],"about":[{"href":"https:\/\/ergotherapie-riemenschneider.de\/index.php?rest_route=\/wp\/v2\/types\/page"}],"author":[{"embeddable":true,"href":"https:\/\/ergotherapie-riemenschneider.de\/index.php?rest_route=\/wp\/v2\/users\/1"}],"replies":[{"embeddable":true,"href":"https:\/\/ergotherapie-riemenschneider.de\/index.php?rest_route=%2Fwp%2Fv2%2Fcomments&post=230"}],"version-history":[{"count":48,"href":"https:\/\/ergotherapie-riemenschneider.de\/index.php?rest_route=\/wp\/v2\/pages\/230\/revisions"}],"predecessor-version":[{"id":702,"href":"https:\/\/ergotherapie-riemenschneider.de\/index.php?rest_route=\/wp\/v2\/pages\/230\/revisions\/702"}],"wp:attachment":[{"href":"https:\/\/ergotherapie-riemenschneider.de\/index.php?rest_route=%2Fwp%2Fv2%2Fmedia&parent=230"}],"curies":[{"name":"wp","href":"https:\/\/api.w.org\/{rel}","templated":true}]}}